{"id":1096,"date":"2013-06-20T07:20:59","date_gmt":"2013-06-20T11:20:59","guid":{"rendered":"http:\/\/www.brazilianpress.com\/v1\/?page_id=1096"},"modified":"2017-04-23T09:49:29","modified_gmt":"2017-04-23T13:49:29","slug":"editorial","status":"publish","type":"page","link":"https:\/\/www.brazilianpress.com\/v1\/editorial\/","title":{"rendered":"Editorial . 27\/06\/2013"},"content":{"rendered":"<h3>O Brasil a um passo da mudan\u00e7a pol\u00edtica<\/h3>\n<p><strong>por Lala Rodrigues<\/strong><\/p>\n<p>A presidenta Dilma fez uma proposta<b> de convocar uma Assembl\u00e9ia Constituinte para propor uma reforma pol\u00edtica no pa\u00eds, mas essa \u00e9 uma id\u00e9ia que j\u00e1 est\u00e1 descartada, pois o povo n\u00e3o aceitou. <\/b><\/p>\n<p>Agora\u00a0 veio com uma nova conversa: ou referendo ou plebiscito para o o povo escolher. Ent\u00e3o assim estamos esclarecendo a diferen\u00e7a entre o que \u00e9 Plebiscito e o que \u00e9 Referendo.<\/p>\n<p>O referendo acontece quando se quer a opini\u00e3o do povo sobre algo que j\u00e1 existe, por exemplo, a tal da lei do desarmamento. Em 2005, convocou-se um referendo para que os eleitores dessem sua opini\u00e3o. A lei sobre o desarmamento j\u00e1 existia desde 2003, mas a quest\u00e3o era t\u00e3o importante e pol\u00eamica que era necess\u00e1rio consultar o povo.<br \/>\nNo referendo, a pergunta \u00e9 \u201cVoc\u00ea concorda com isso que isso j\u00e1 existe? Quer que continue existindo?\u201d. Se a resposta for \u201csim\u201d, a coisa (no caso da lei do desarmamento), continua existindo. No caso de dizerem \u201cn\u00e3o\u201d, deixa de existir.<\/p>\n<p>Plebiscito \u00e9 uma consulta feita ao povo antes de existir alguma lei ou coisa concreta. A pergunta \u00e9: \u201cVoc\u00ea quer que exista isso que estamos propondo. \u00a0Se for mesmo feito um plebiscito, quando n\u00f3s formos \u00e0s urnas vamos decidir se queremos isso ou n\u00e3o, isto \u00e9, a reforma pol\u00edtica. Dizendo \u201csim\u201d, estaremos aprovando a proposta feita. Votando \u201cn\u00e3o\u201d, vamos dizer que n\u00e3o \u00e9 isso que queremos.<\/p>\n<p>Referendo ou Plebiscito, o que o for melhor para o povo e para o nosso pa\u00eds acontecer\u00e1, \u00e9 o que todos devem pensar com muita consci\u00eancia antes de ir \u00e0s urnas, pois \u00e9 o destino do pa\u00eds e do povo que est\u00e1 em nossas m\u00e3os.<\/p>\n","protected":false},"excerpt":{"rendered":"<p>O Brasil a um passo da mudan\u00e7a pol\u00edtica por Lala Rodrigues A presidenta Dilma fez uma proposta de convocar uma Assembl\u00e9ia Constituinte para propor uma reforma pol\u00edtica no pa\u00eds, mas essa \u00e9 uma id\u00e9ia que j\u00e1 est\u00e1 descartada, pois o povo n\u00e3o aceitou. Agora\u00a0 veio com uma nova conversa: ou referendo ou plebiscito para o o povo escolher. Ent\u00e3o assim estamos esclarecendo a diferen\u00e7a entre o que \u00e9 Plebiscito e o que \u00e9 Referendo. O referendo acontece quando se quer a opini\u00e3o do povo sobre algo que j\u00e1 existe, por exemplo, a tal da lei do desarmamento. Em 2005, convocou-se [&hellip;]<\/p>\n","protected":false},"author":1,"featured_media":0,"parent":0,"menu_order":0,"comment_status":"closed","ping_status":"closed","template":"","meta":{"_links_to":"","_links_to_target":""},"_links":{"self":[{"href":"https:\/\/www.brazilianpress.com\/v1\/wp-json\/wp\/v2\/pages\/1096"}],"collection":[{"href":"https:\/\/www.brazilianpress.com\/v1\/wp-json\/wp\/v2\/pages"}],"about":[{"href":"https:\/\/www.brazilianpress.com\/v1\/wp-json\/wp\/v2\/types\/page"}],"author":[{"embeddable":true,"href":"https:\/\/www.brazilianpress.com\/v1\/wp-json\/wp\/v2\/users\/1"}],"replies":[{"embeddable":true,"href":"https:\/\/www.brazilianpress.com\/v1\/wp-json\/wp\/v2\/comments?post=1096"}],"version-history":[{"count":7,"href":"https:\/\/www.brazilianpress.com\/v1\/wp-json\/wp\/v2\/pages\/1096\/revisions"}],"predecessor-version":[{"id":28359,"href":"https:\/\/www.brazilianpress.com\/v1\/wp-json\/wp\/v2\/pages\/1096\/revisions\/28359"}],"wp:attachment":[{"href":"https:\/\/www.brazilianpress.com\/v1\/wp-json\/wp\/v2\/media?parent=1096"}],"curies":[{"name":"wp","href":"https:\/\/api.w.org\/{rel}","templated":true}]}}